{"id":3,"date":"2020-01-23T19:44:25","date_gmt":"2020-01-24T00:44:25","guid":{"rendered":"https:\/\/www.kunansoft.net\/?page_id=3"},"modified":"2024-03-19T21:46:43","modified_gmt":"2024-03-20T02:46:43","slug":"privacy-policy","status":"publish","type":"page","link":"https:\/\/www.kunansoft.net\/index.php\/privacy-policy\/","title":{"rendered":"Pol\u00edtica de privacidad"},"content":{"rendered":"\t\t<div data-elementor-type=\"wp-page\" data-elementor-id=\"3\" class=\"elementor elementor-3\">\n\t\t\t\t\t\t<section class=\"elementor-section elementor-top-section elementor-element elementor-element-76836f00 elementor-section-boxed elementor-section-height-default elementor-section-height-default mkdf-parallax-row-no mkdf-row-grid-no mkdf-disabled-bg-image-bellow-no\" data-id=\"76836f00\" data-element_type=\"section\" data-e-type=\"section\">\n\t\t\t\t\t\t<div class=\"elementor-container elementor-column-gap-default\">\n\t\t\t\t\t<div class=\"elementor-column elementor-col-100 elementor-top-column elementor-element elementor-element-1f36c152\" data-id=\"1f36c152\" data-element_type=\"column\" data-e-type=\"column\">\n\t\t\t<div class=\"elementor-widget-wrap elementor-element-populated\">\n\t\t\t\t\t\t<div class=\"elementor-element elementor-element-4e900a8b elementor-widget elementor-widget-text-editor\" data-id=\"4e900a8b\" data-element_type=\"widget\" data-e-type=\"widget\" data-widget_type=\"text-editor.default\">\n\t\t\t\t<div class=\"elementor-widget-container\">\n\t\t\t\t\t\t\t\t\t<p style=\"color: black; text-align: justify;\">La presente Pol\u00edtica de privacidad establece los t\u00e9rminos en que usamos y protegemos la informaci\u00f3n que es proporcionada por nuestros usuarios al momento de utilizar nuestro sitio web. Somos una compa\u00f1\u00eda que est\u00e1 comprometida con la seguridad de los datos de nuestros usuarios. Cuando le pedimos llenar los campos de informaci\u00f3n personal con la cual usted pueda ser identificado, lo hacemos asegurando que s\u00f3lo se emplear\u00e1 de acuerdo con los t\u00e9rminos de este documento. Sin embargo esta Pol\u00edtica de privacidad puede cambiar con el tiempo o ser actualizada, por lo que le recomendamos y enfatizamos revisar continuamente esta p\u00e1gina para asegurarse que est\u00e1 de acuerdo con dichos cambios.<\/p>\n<p style=\"color: #09f; font-size: 20px;\"><strong>Informaci\u00f3n que es recogida<\/strong><\/p>\n<p style=\"color: black; text-align: justify;\">Nuestro sitio web podr\u00e1 recoger informaci\u00f3n personal, por ejemplo: informaci\u00f3n de contacto como su nombre, tel\u00e9fono, direcci\u00f3n de correo electr\u00f3nico e informaci\u00f3n demogr\u00e1fica. As\u00ed mismo cuando sea necesario podr\u00e1 ser requerida informaci\u00f3n espec\u00edfica para procesar alg\u00fan pedido o realizar una entrega o facturaci\u00f3n.<\/p>\n<p style=\"color: #09f; font-size: 20px;\"><strong>Uso de la informaci\u00f3n recogida<\/strong><\/p>\n<p style=\"color: black; text-align: justify;\">Nuestro sitio web emplea la informaci\u00f3n con el fin de proporcionar el mejor servicio posible, particularmente para mantener un registro de usuarios, de pedidos en caso que aplique, y mejorar nuestros productos y servicios. Es posible que sean enviados correos electr\u00f3nicos peri\u00f3dicamente a trav\u00e9s de nuestro sitio con ofertas especiales, nuevos productos y otra informaci\u00f3n publicitaria que consideremos relevante para usted o que pueda brindarle alg\u00fan beneficio, estos correos electr\u00f3nicos ser\u00e1n enviados a la direcci\u00f3n que usted proporcione y podr\u00e1n ser cancelados en cualquier momento.<\/p>\n<p style=\"color: black; text-align: justify;\">Estamos altamente comprometidos para cumplir con el compromiso de mantener su informaci\u00f3n segura. Usamos los sistemas m\u00e1s avanzados y los actualizamos constantemente para asegurarnos que no exista ning\u00fan acceso no autorizado.<\/p>\n<p style=\"color: #09f; font-size: 20px;\"><strong>Cookies<\/strong><\/p>\n<p style=\"color: black; text-align: justify;\">Una cookie se refiere a un fichero que es enviado con la finalidad de solicitar permiso para almacenarse en su ordenador, al aceptar, dicho fichero se crea y la cookie sirve entonces para tener informaci\u00f3n respecto al tr\u00e1fico web, y tambi\u00e9n facilita las futuras visitas a una web recurrente. Otra funci\u00f3n que tienen las cookies es que con ellas las p\u00e1ginas web pueden reconocerte individualmente, y por lo tanto brindarte el mejor servicio personalizado de su web.<\/p>\n<p style=\"color: black; text-align: justify;\">Nuestro sitio web emplea las cookies para poder identificar las p\u00e1ginas que son visitadas y su frecuencia. Esta informaci\u00f3n es empleada \u00fanicamente para an\u00e1lisis estad\u00edsticos, y despu\u00e9s la informaci\u00f3n se elimina de forma permanente. Usted puede eliminar las cookies en cualquier momento desde su ordenador. Sin embargo las cookies ayudan a proporcionar un mejor servicio en los sitios web, \u00e9stas no dan acceso a informaci\u00f3n de su ordenador ni de usted, a menos que usted as\u00ed lo quiera y la proporcione directamente. Usted puede aceptar o negar el uso de cookies, sin embargo la mayor\u00eda de navegadores aceptan cookies autom\u00e1ticamente pues sirve para tener un mejor servicio web. Tambi\u00e9n usted puede cambiar la configuraci\u00f3n de su ordenador para declinar las cookies. Si se declinan es posible que no pueda utilizar algunos de nuestros servicios.<\/p>\n<p style=\"color: #09f; font-size: 20px;\"><strong>Enlaces a terceros<\/strong><\/p>\n<p style=\"color: black; text-align: justify;\">Este sitio web pudiera contener enlaces a otros sitios que pudieran ser de su inter\u00e9s. Una vez que usted de clic en estos enlaces y abandone nuestra p\u00e1gina web, ya no tenemos control sobre el sitio al que es redirigido y por lo tanto no somos responsables de los t\u00e9rminos o privacidad ni de la protecci\u00f3n de sus datos en esos otros sitios de terceros. Dichos sitios est\u00e1n sujetos a sus propias pol\u00edticas de privacidad, por lo cual es recomendable que las consulte para confirmar que usted est\u00e1 de acuerdo con estas.<\/p>\n<p style=\"color: #09f; font-size: 20px;\"><strong>Control de su informaci\u00f3n personal<\/strong><\/p>\n<p style=\"color: black; text-align: justify;\">No venderemos, cederemos ni distribuiremos la informaci\u00f3n personal que es recopilada sin su consentimiento, salvo que sea requerido por un juez con una orden judicial.<\/p>\n<p style=\"color: black; text-align: justify;\">Nos reservamos el derecho de cambiar los t\u00e9rminos de la presente Pol\u00edtica de privacidad en cualquier momento.<\/p>\t\t\t\t\t\t\t\t<\/div>\n\t\t\t\t<\/div>\n\t\t\t\t\t<\/div>\n\t\t<\/div>\n\t\t\t\t\t<\/div>\n\t\t<\/section>\n\t\t\t\t<\/div>\n\t\t","protected":false},"excerpt":{"rendered":"<p>La presente Pol\u00edtica de privacidad establece los t\u00e9rminos en que usamos y protegemos la informaci\u00f3n que es proporcionada por nuestros usuarios al momento de utilizar nuestro sitio web. Somos una compa\u00f1\u00eda que est\u00e1 comprometida con la seguridad de los datos [&hellip;]<\/p>\n","protected":false},"author":2,"featured_media":0,"parent":0,"menu_order":0,"comment_status":"closed","ping_status":"closed","template":"","meta":{"footnotes":""},"class_list":["post-3","page","type-page","status-publish","hentry"],"_links":{"self":[{"href":"https:\/\/www.kunansoft.net\/index.php\/wp-json\/wp\/v2\/pages\/3","targetHints":{"allow":["GET"]}}],"collection":[{"href":"https:\/\/www.kunansoft.net\/index.php\/wp-json\/wp\/v2\/pages"}],"about":[{"href":"https:\/\/www.kunansoft.net\/index.php\/wp-json\/wp\/v2\/types\/page"}],"author":[{"embeddable":true,"href":"https:\/\/www.kunansoft.net\/index.php\/wp-json\/wp\/v2\/users\/2"}],"replies":[{"embeddable":true,"href":"https:\/\/www.kunansoft.net\/index.php\/wp-json\/wp\/v2\/comments?post=3"}],"version-history":[{"count":3,"href":"https:\/\/www.kunansoft.net\/index.php\/wp-json\/wp\/v2\/pages\/3\/revisions"}],"predecessor-version":[{"id":13971,"href":"https:\/\/www.kunansoft.net\/index.php\/wp-json\/wp\/v2\/pages\/3\/revisions\/13971"}],"wp:attachment":[{"href":"https:\/\/www.kunansoft.net\/index.php\/wp-json\/wp\/v2\/media?parent=3"}],"curies":[{"name":"wp","href":"https:\/\/api.w.org\/{rel}","templated":true}]}}